{"id":112,"date":"2026-03-09T11:43:18","date_gmt":"2026-03-09T10:43:18","guid":{"rendered":"https:\/\/kawalekraju.pl\/?page_id=112"},"modified":"2026-03-09T11:54:39","modified_gmt":"2026-03-09T10:54:39","slug":"polityka","status":"publish","type":"page","link":"https:\/\/kawalekraju.pl\/en\/polityka\/","title":{"rendered":"Privacy Policy"},"content":{"rendered":"<style>.kb-row-layout-id112_19967e-4a > .kt-row-column-wrap{align-content:center;}:where(.kb-row-layout-id112_19967e-4a > .kt-row-column-wrap) > .wp-block-kadence-column{justify-content:center;}.kb-row-layout-id112_19967e-4a > .kt-row-column-wrap{column-gap:var(--global-kb-gap-md, 2rem);row-gap:var(--global-kb-gap-sm, 1rem);min-height:100vh;grid-template-columns:minmax(0, 1fr);}.kb-row-layout-id112_19967e-4a > .kt-row-layout-overlay{opacity:0.30;}@media all and (max-width: 1024px){.kb-row-layout-id112_19967e-4a > .kt-row-column-wrap{grid-template-columns:minmax(0, 1fr);}}@media all and (max-width: 767px){.kb-row-layout-id112_19967e-4a > .kt-row-column-wrap{grid-template-columns:minmax(0, 1fr);}}<\/style><div class=\"kb-row-layout-wrap kb-row-layout-id112_19967e-4a alignnone kt-row-has-bg wp-block-kadence-rowlayout\"><div class=\"kb-blocks-bg-video-container\"><video class=\"kb-blocks-bg-video\" id=\"bg-row-video-112_19967e-4a\" playsinline muted loop src=\"https:\/\/kawalekraju.pl\/wp-content\/uploads\/2026\/03\/Projekt-bez-nazwy-1.mp4\" poster=\"https:\/\/kawalekraju.pl\/wp-content\/uploads\/2026\/03\/kawalekraju-videoframe_0.png\" autoplay><\/video><\/div><div class=\"kt-row-column-wrap kt-has-1-columns kt-row-layout-equal kt-tab-layout-inherit kt-mobile-layout-row kt-row-valign-middle\">\n<style>.kadence-column112_482651-3d > .kt-inside-inner-col,.kadence-column112_482651-3d > .kt-inside-inner-col:before{border-top-left-radius:0px;border-top-right-radius:0px;border-bottom-right-radius:0px;border-bottom-left-radius:0px;}.kadence-column112_482651-3d > .kt-inside-inner-col{column-gap:var(--global-kb-gap-sm, 1rem);}.kadence-column112_482651-3d > .kt-inside-inner-col{flex-direction:column;}.kadence-column112_482651-3d > .kt-inside-inner-col > .aligncenter{width:100%;}.kadence-column112_482651-3d > .kt-inside-inner-col:before{opacity:0.3;}.kadence-column112_482651-3d{position:relative;}@media all and (max-width: 1024px){.kadence-column112_482651-3d > .kt-inside-inner-col{flex-direction:column;justify-content:center;}}@media all and (max-width: 767px){.kadence-column112_482651-3d > .kt-inside-inner-col{flex-direction:column;justify-content:center;}}<\/style>\n<div class=\"wp-block-kadence-column kadence-column112_482651-3d\"><div class=\"kt-inside-inner-col\"><style>.wp-block-kadence-advancedheading.kt-adv-heading112_8e155f-1c, .wp-block-kadence-advancedheading.kt-adv-heading112_8e155f-1c[data-kb-block=\"kb-adv-heading112_8e155f-1c\"]{text-align:center;font-size:var(--global-kb-font-size-xl, 3rem);font-style:normal;text-shadow:1px 1px 1px rgba(0, 0, 0, 0.58);}.wp-block-kadence-advancedheading.kt-adv-heading112_8e155f-1c mark.kt-highlight, .wp-block-kadence-advancedheading.kt-adv-heading112_8e155f-1c[data-kb-block=\"kb-adv-heading112_8e155f-1c\"] mark.kt-highlight{font-style:normal;color:#f76a0c;-webkit-box-decoration-break:clone;box-decoration-break:clone;padding-top:0px;padding-right:0px;padding-bottom:0px;padding-left:0px;}.wp-block-kadence-advancedheading.kt-adv-heading112_8e155f-1c img.kb-inline-image, .wp-block-kadence-advancedheading.kt-adv-heading112_8e155f-1c[data-kb-block=\"kb-adv-heading112_8e155f-1c\"] img.kb-inline-image{width:150px;vertical-align:baseline;}@media all and (max-width: 1024px){.wp-block-kadence-advancedheading.kt-adv-heading112_8e155f-1c, .wp-block-kadence-advancedheading.kt-adv-heading112_8e155f-1c[data-kb-block=\"kb-adv-heading112_8e155f-1c\"]{text-shadow:1px 1px 1px rgba(0, 0, 0, 0.58);}}@media all and (max-width: 767px){.wp-block-kadence-advancedheading.kt-adv-heading112_8e155f-1c, .wp-block-kadence-advancedheading.kt-adv-heading112_8e155f-1c[data-kb-block=\"kb-adv-heading112_8e155f-1c\"]{text-shadow:1px 1px 1px rgba(0, 0, 0, 0.58);font-size:var(--global-kb-font-size-lg, 2rem);}}<\/style>\n<h1 class=\"kt-adv-heading112_8e155f-1c wp-block-kadence-advancedheading has-theme-palette-9-color has-text-color\" data-kb-block=\"kb-adv-heading112_8e155f-1c\"><strong>Polityka prywatno\u015bci<\/strong><\/h1>\n\n\n<style>.wp-block-kadence-advancedheading.kt-adv-heading112_7cef6f-4d, .wp-block-kadence-advancedheading.kt-adv-heading112_7cef6f-4d[data-kb-block=\"kb-adv-heading112_7cef6f-4d\"]{text-align:center;font-size:var(--global-kb-font-size-md, 1.25rem);line-height:2em;font-style:normal;text-shadow:1px 1px 1px rgba(0, 0, 0, 0.8);}.wp-block-kadence-advancedheading.kt-adv-heading112_7cef6f-4d mark.kt-highlight, .wp-block-kadence-advancedheading.kt-adv-heading112_7cef6f-4d[data-kb-block=\"kb-adv-heading112_7cef6f-4d\"] mark.kt-highlight{font-style:normal;color:#f76a0c;-webkit-box-decoration-break:clone;box-decoration-break:clone;padding-top:0px;padding-right:0px;padding-bottom:0px;padding-left:0px;}.wp-block-kadence-advancedheading.kt-adv-heading112_7cef6f-4d img.kb-inline-image, .wp-block-kadence-advancedheading.kt-adv-heading112_7cef6f-4d[data-kb-block=\"kb-adv-heading112_7cef6f-4d\"] img.kb-inline-image{width:150px;vertical-align:baseline;}@media all and (max-width: 1024px){.wp-block-kadence-advancedheading.kt-adv-heading112_7cef6f-4d, .wp-block-kadence-advancedheading.kt-adv-heading112_7cef6f-4d[data-kb-block=\"kb-adv-heading112_7cef6f-4d\"]{text-shadow:1px 1px 1px rgba(0, 0, 0, 0.8);}}@media all and (max-width: 767px){.wp-block-kadence-advancedheading.kt-adv-heading112_7cef6f-4d, .wp-block-kadence-advancedheading.kt-adv-heading112_7cef6f-4d[data-kb-block=\"kb-adv-heading112_7cef6f-4d\"]{text-shadow:1px 1px 1px rgba(0, 0, 0, 0.8);font-size:var(--global-kb-font-size-sm, 0.9rem);line-height:1.3em;}}<\/style>\n<p class=\"kt-adv-heading112_7cef6f-4d wp-block-kadence-advancedheading has-theme-palette-9-color has-text-color\" data-kb-block=\"kb-adv-heading112_7cef6f-4d\"><\/p>\n<\/div><\/div>\n\n<\/div><\/div>\n\n<style>.kadence-column112_fb0cf7-b2 > .kt-inside-inner-col,.kadence-column112_fb0cf7-b2 > .kt-inside-inner-col:before{border-top-left-radius:0px;border-top-right-radius:0px;border-bottom-right-radius:0px;border-bottom-left-radius:0px;}.kadence-column112_fb0cf7-b2 > .kt-inside-inner-col{column-gap:var(--global-kb-gap-sm, 1rem);}.kadence-column112_fb0cf7-b2 > .kt-inside-inner-col{flex-direction:column;}.kadence-column112_fb0cf7-b2 > .kt-inside-inner-col > .aligncenter{width:100%;}.kadence-column112_fb0cf7-b2 > .kt-inside-inner-col:before{opacity:0.3;}.kadence-column112_fb0cf7-b2{position:relative;}@media all and (max-width: 1024px){.kadence-column112_fb0cf7-b2 > .kt-inside-inner-col{flex-direction:column;justify-content:center;}}@media all and (max-width: 767px){.kadence-column112_fb0cf7-b2 > .kt-inside-inner-col{flex-direction:column;justify-content:center;}}<\/style>\n<div class=\"wp-block-kadence-column kadence-column112_fb0cf7-b2\"><div class=\"kt-inside-inner-col\">\n<div style=\"height:100px\" aria-hidden=\"true\" class=\"wp-block-spacer\"><\/div>\n\n\n\n<p style=\"margin-right:var(--wp--preset--spacing--60);margin-left:var(--wp--preset--spacing--60)\"><strong>Administrator danych<\/strong><br>Administratorem Twoich danych osobowych jest Monika Olejniczak.<br><strong>Zakres przetwarzanych danych<\/strong><br>Przetwarzam wy\u0142\u0105cznie dane podane w formularzu: imi\u0119, nr telefonu, adres e-mail oraz tre\u015b\u0107 wiadomo\u015bci.<br><strong>Cel przetwarzania danych<\/strong><br>Twoje dane s\u0105 wykorzystywane wy\u0142\u0105cznie do odpowiedzi na przes\u0142ane zapytanie i ewentualnej dalszej korespondencji.<br><strong>Podstawa prawna<\/strong><br>Dane przetwarzam na podstawie Twojej zgody (art. 6 ust. 1 lit. a RODO).<br><strong>Czas przechowywania<\/strong><br>Dane przechowuj\u0119 tak d\u0142ugo, jak jest to konieczne do realizacji korespondencji, a nast\u0119pnie usuwam je w ci\u0105gu 6 miesi\u0119cy.<br><strong>Prawa u\u017cytkownika<\/strong><br>Masz prawo do dost\u0119pu do swoich danych, ich poprawiania, usuni\u0119cia, ograniczenia przetwarzania oraz wniesienia sprzeciwu. Mo\u017cesz r\u00f3wnie\u017c cofn\u0105\u0107 zgod\u0119 w dowolnym momencie, kontaktuj\u0105c si\u0119 pod maila: monika.olejniczak@poczta.onet.pl<br><strong>Ochrona danych<\/strong><br>Twoje dane s\u0105 bezpieczne i nie s\u0105 udost\u0119pniane osobom trzecim.<br><strong>Kontakt<\/strong><br>W sprawie przetwarzania danych osobowych mo\u017cesz si\u0119 skontaktowa\u0107 pod adresem: monika.olejniczak@poczta.onet.pl<\/p>\n\n\n\n<p style=\"margin-right:var(--wp--preset--spacing--60);margin-left:var(--wp--preset--spacing--60)\"><strong>Polityka plik\u00f3w cookies<\/strong><br><strong>Czym s\u0105 pliki cookies?<\/strong><br>Pliki cookies to niewielkie pliki tekstowe zapisywane na Twoim urz\u0105dzeniu, kt\u00f3re pomagaj\u0105 w prawid\u0142owym dzia\u0142aniu <br>strony oraz jej funkcjonalno\u015bci.<br><strong>Jakie pliki cookies wykorzystujemy?<\/strong><br>Nasza strona u\u017cywa jedynie niezb\u0119dnych plik\u00f3w cookies, kt\u00f3re zapewniaj\u0105 jej prawid\u0142owe dzia\u0142anie. <br>Mo\u017cemy tak\u017ce korzysta\u0107 z plik\u00f3w cookies pochodz\u0105cych z serwis\u00f3w zewn\u0119trznych, np.:<br><strong>Facebook, Instagram<\/strong>\u00a0\u2013 je\u015bli odwiedzisz moje profile poprzez zamieszczone linki, te serwisy mog\u0105 zapisywa\u0107 swoje cookies <br>zgodnie z ich w\u0142asn\u0105 polityk\u0105 prywatno\u015bci.<br><strong>Jak mo\u017cesz zarz\u0105dza\u0107 plikami cookies?<\/strong><br>Mo\u017cesz w ka\u017cdej chwili zmieni\u0107 ustawienia cookies w swojej przegl\u0105darce internetowej i usun\u0105\u0107 zapisane pliki. <br>Pami\u0119taj jednak, \u017ce wy\u0142\u0105czenie niekt\u00f3rych cookies mo\u017ce wp\u0142yn\u0105\u0107 na dzia\u0142anie strony.<br><strong>Kontakt<\/strong><br>W razie pyta\u0144 dotycz\u0105cych plik\u00f3w cookies mo\u017cesz skontaktowa\u0107 si\u0119 pod adresem: monika.olejniczak@poczta.onet.pl<\/p>\n<\/div><\/div>\n\n\n<style>.kadence-column112_7f45a2-30 > .kt-inside-inner-col,.kadence-column112_7f45a2-30 > .kt-inside-inner-col:before{border-top-left-radius:0px;border-top-right-radius:0px;border-bottom-right-radius:0px;border-bottom-left-radius:0px;}.kadence-column112_7f45a2-30 > .kt-inside-inner-col{column-gap:var(--global-kb-gap-sm, 1rem);}.kadence-column112_7f45a2-30 > .kt-inside-inner-col{flex-direction:column;}.kadence-column112_7f45a2-30 > .kt-inside-inner-col > .aligncenter{width:100%;}.kadence-column112_7f45a2-30 > .kt-inside-inner-col:before{opacity:0.3;}.kadence-column112_7f45a2-30{position:relative;}@media all and (max-width: 1024px){.kadence-column112_7f45a2-30 > .kt-inside-inner-col{flex-direction:column;justify-content:center;}}@media all and (max-width: 767px){.kadence-column112_7f45a2-30 > .kt-inside-inner-col{flex-direction:column;justify-content:center;}}<\/style>\n<div class=\"wp-block-kadence-column kadence-column112_7f45a2-30\"><div class=\"kt-inside-inner-col\"><style>.kadence-column112_18ff34-18 > .kt-inside-inner-col,.kadence-column112_18ff34-18 > .kt-inside-inner-col:before{border-top-left-radius:0px;border-top-right-radius:0px;border-bottom-right-radius:0px;border-bottom-left-radius:0px;}.kadence-column112_18ff34-18 > .kt-inside-inner-col{column-gap:var(--global-kb-gap-sm, 1rem);}.kadence-column112_18ff34-18 > .kt-inside-inner-col{flex-direction:column;}.kadence-column112_18ff34-18 > .kt-inside-inner-col > .aligncenter{width:100%;}.kadence-column112_18ff34-18 > .kt-inside-inner-col:before{opacity:0.3;}.kadence-column112_18ff34-18{position:relative;}@media all and (max-width: 1024px){.kadence-column112_18ff34-18 > .kt-inside-inner-col{flex-direction:column;justify-content:center;}}@media all and (max-width: 767px){.kadence-column112_18ff34-18 > .kt-inside-inner-col{flex-direction:column;justify-content:center;}}<\/style>\n<div class=\"wp-block-kadence-column kadence-column112_18ff34-18\"><div class=\"kt-inside-inner-col\"><\/div><\/div>\n\n\n\n<div style=\"height:100px\" aria-hidden=\"true\" class=\"wp-block-spacer\"><\/div>\n<\/div><\/div>\n\n\n\n<p><\/p>\n","protected":false},"excerpt":{"rendered":"<p>Polityka prywatno\u015bci Administrator danychAdministratorem Twoich danych osobowych jest Monika Olejniczak.Zakres przetwarzanych danychPrzetwarzam wy\u0142\u0105cznie dane podane w formularzu: imi\u0119, nr telefonu, adres e-mail oraz tre\u015b\u0107 wiadomo\u015bci.Cel przetwarzania danychTwoje dane s\u0105 wykorzystywane wy\u0142\u0105cznie do odpowiedzi na przes\u0142ane zapytanie i ewentualnej dalszej korespondencji.Podstawa prawnaDane przetwarzam na podstawie Twojej zgody (art. 6 ust. 1 lit. a RODO).Czas przechowywaniaDane przechowuj\u0119&#8230;<\/p>","protected":false},"author":1,"featured_media":0,"parent":0,"menu_order":0,"comment_status":"closed","ping_status":"closed","template":"","meta":{"_kad_blocks_custom_css":"","_kad_blocks_head_custom_js":"","_kad_blocks_body_custom_js":"","_kad_blocks_footer_custom_js":"","_kad_post_transparent":"","_kad_post_title":"","_kad_post_layout":"","_kad_post_sidebar_id":"","_kad_post_content_style":"","_kad_post_vertical_padding":"","_kad_post_feature":"","_kad_post_feature_position":"","_kad_post_header":false,"_kad_post_footer":false,"_kad_post_classname":"","footnotes":""},"class_list":["post-112","page","type-page","status-publish","hentry"],"taxonomy_info":[],"featured_image_src_large":false,"author_info":{"display_name":"admin-BOzLjufd","author_link":"https:\/\/kawalekraju.pl\/en\/author\/admin-bozljufd\/"},"comment_info":0,"_links":{"self":[{"href":"https:\/\/kawalekraju.pl\/en\/wp-json\/wp\/v2\/pages\/112","targetHints":{"allow":["GET"]}}],"collection":[{"href":"https:\/\/kawalekraju.pl\/en\/wp-json\/wp\/v2\/pages"}],"about":[{"href":"https:\/\/kawalekraju.pl\/en\/wp-json\/wp\/v2\/types\/page"}],"author":[{"embeddable":true,"href":"https:\/\/kawalekraju.pl\/en\/wp-json\/wp\/v2\/users\/1"}],"replies":[{"embeddable":true,"href":"https:\/\/kawalekraju.pl\/en\/wp-json\/wp\/v2\/comments?post=112"}],"version-history":[{"count":6,"href":"https:\/\/kawalekraju.pl\/en\/wp-json\/wp\/v2\/pages\/112\/revisions"}],"predecessor-version":[{"id":119,"href":"https:\/\/kawalekraju.pl\/en\/wp-json\/wp\/v2\/pages\/112\/revisions\/119"}],"wp:attachment":[{"href":"https:\/\/kawalekraju.pl\/en\/wp-json\/wp\/v2\/media?parent=112"}],"curies":[{"name":"wp","href":"https:\/\/api.w.org\/{rel}","templated":true}]}}